{"id":86,"date":"2013-11-29T12:06:48","date_gmt":"2013-11-29T12:06:48","guid":{"rendered":"http:\/\/asunmayoral.edu.umh.es\/?page_id=86"},"modified":"2024-04-12T15:02:28","modified_gmt":"2024-04-12T13:02:28","slug":"academia","status":"publish","type":"page","link":"https:\/\/angelperezsempere.umh.es\/en\/academia\/","title":{"rendered":"Academia"},"content":{"rendered":"<p>[et_pb_section fb_built=&#8221;1&#8243; _builder_version=&#8221;4.16&#8243; global_colors_info=&#8221;{}&#8221;][et_pb_row _builder_version=&#8221;4.16&#8243; background_size=&#8221;initial&#8221; background_position=&#8221;top_left&#8221; background_repeat=&#8221;repeat&#8221; global_colors_info=&#8221;{}&#8221;][et_pb_column type=&#8221;4_4&#8243; _builder_version=&#8221;4.16&#8243; custom_padding=&#8221;|||&#8221; global_colors_info=&#8221;{}&#8221; custom_padding__hover=&#8221;|||&#8221;][et_pb_text _builder_version=&#8221;4.17.4&#8243; _module_preset=&#8221;default&#8221; hover_enabled=&#8221;0&#8243; global_colors_info=&#8221;{}&#8221; sticky_enabled=&#8221;0&#8243;]<\/p>\n<h1 class=\"entry-title main_title\">Academia<\/h1>\n<p>L\u00edneas de investigaci\u00f3n:<\/p>\n<ul>\n<li><span style=\"text-decoration: underline;\"><strong><a title=\"Neurolog\u00eda cl\u00ednica\"><span style=\"line-height: 13px;\">Neurolog\u00eda cl\u00ednica<\/span><\/a><\/strong><\/span><\/li>\n<li><span style=\"text-decoration: underline;\"><strong><a title=\"Esclerosis m\u00faltiple\"><span style=\"line-height: 13px;\">Esclerosis m\u00faltiple<\/span><\/a><\/strong><\/span><\/li>\n<li><span style=\"text-decoration: underline;\"><strong><a title=\"Epidemiolog\u00eda\"><span style=\"line-height: 13px;\">Epidemiolog\u00eda<\/span><\/a><\/strong><\/span><\/li>\n<\/ul>\n<p>[\/et_pb_text][et_pb_text _builder_version=&#8221;4.17.4&#8243; _module_preset=&#8221;default&#8221; global_colors_info=&#8221;{}&#8221;]<\/p>\n<p>Curriculum vitae: <a href=\"https:\/\/orcid.org\/0000-0002-0195-2834\" target=\"_blank\" rel=\"noopener\">https:\/\/orcid.org\/0000-0002-0195-2834<\/a><\/p>\n<p>Docencia<\/p>\n<p>Profesor titular vinculado al Hospital General Universitario Dr. Balmis de Alicante.<\/p>\n<p>[\/et_pb_text][et_pb_text disabled_on=&#8221;on|on|on&#8221; _builder_version=&#8221;4.17.4&#8243; background_size=&#8221;initial&#8221; background_position=&#8221;top_left&#8221; background_repeat=&#8221;repeat&#8221; disabled=&#8221;on&#8221; global_colors_info=&#8221;{}&#8221;]<\/p>\n<p>L\u00edneas de investigaci\u00f3n:<\/p>\n<ul>\n<li><span style=\"text-decoration: underline;\"><strong><a title=\"Neurolog\u00eda cl\u00ednica\"><span style=\"line-height: 13px;\">Neurolog\u00eda cl\u00ednica<\/span><\/a><\/strong><\/span><\/li>\n<li><span style=\"text-decoration: underline;\"><strong><a title=\"Esclerosis m\u00faltiple\"><span style=\"line-height: 13px;\">Esclerosis m\u00faltiple<\/span><\/a><\/strong><\/span><\/li>\n<li><span style=\"text-decoration: underline;\"><strong><a title=\"Esclerosis m\u00faltiple\"><span style=\"line-height: 13px;\">Esclerosis m\u00faltiple<\/span><\/a><\/strong><\/span><\/li>\n<\/ul>\n<p>[\/et_pb_text][\/et_pb_column][\/et_pb_row][\/et_pb_section][et_pb_section fb_built=&#8221;1&#8243; disabled_on=&#8221;on|on|on&#8221; _builder_version=&#8221;4.17.4&#8243; _module_preset=&#8221;default&#8221; disabled=&#8221;on&#8221; global_colors_info=&#8221;{}&#8221;][et_pb_row _builder_version=&#8221;4.17.4&#8243; _module_preset=&#8221;default&#8221; global_colors_info=&#8221;{}&#8221;][et_pb_column type=&#8221;4_4&#8243; _builder_version=&#8221;4.17.4&#8243; _module_preset=&#8221;default&#8221; global_colors_info=&#8221;{}&#8221;][:es _i=&#8221;0&#8243; _address=&#8221;1.0.0.0&#8243; theme_builder_area=&#8221;post_content&#8221; \/][:ca _i=&#8221;1&#8243; _address=&#8221;1.0.0.1&#8243; theme_builder_area=&#8221;post_content&#8221; \/][:en _i=&#8221;2&#8243; _address=&#8221;1.0.0.2&#8243; theme_builder_area=&#8221;post_content&#8221; \/][: _i=&#8221;3&#8243; _address=&#8221;1.0.0.3&#8243; theme_builder_area=&#8221;post_content&#8221; \/][\/et_pb_column][\/et_pb_row][\/et_pb_section]<\/p>\n","protected":false},"excerpt":{"rendered":"<p>Academia L\u00edneas de investigaci\u00f3n: Neurolog\u00eda cl\u00ednica Esclerosis m\u00faltiple Epidemiolog\u00eda Curriculum vitae: https:\/\/orcid.org\/0000-0002-0195-2834 Docencia Profesor titular vinculado al Hospital General Universitario Dr. Balmis de Alicante.L\u00edneas de investigaci\u00f3n: Neurolog\u00eda cl\u00ednica Esclerosis m\u00faltiple Esclerosis m\u00faltiple [:es _i=&#8221;0&#8243; _address=&#8221;1.0.0.0&#8243; theme_builder_area=&#8221;post_content&#8221; \/][:ca _i=&#8221;1&#8243; _address=&#8221;1.0.0.1&#8243; theme_builder_area=&#8221;post_content&#8221; \/][:en _i=&#8221;2&#8243; _address=&#8221;1.0.0.2&#8243; theme_builder_area=&#8221;post_content&#8221; \/][: _i=&#8221;3&#8243; _address=&#8221;1.0.0.3&#8243; theme_builder_area=&#8221;post_content&#8221; \/]<\/p>\n","protected":false},"author":3782,"featured_media":0,"parent":0,"menu_order":30,"comment_status":"closed","ping_status":"closed","template":"","meta":{"_et_pb_use_builder":"on","_et_pb_old_content":"Mi experiencia profesional en la Universidad se reparte en dos \u00e1reas:\r\n<ul>\r\n\t<li><span style=\"text-decoration: underline\"><strong><a title=\"Investigaci\u00f3n\" href=\"http:\/\/lorenagarcia.umh.es\/academia\/publicaciones\/\"><span style=\"line-height: 13px\">Investigaci\u00f3n<\/span><\/a><\/strong><\/span><\/li>\r\n\t<li><span style=\"text-decoration: underline\"><strong><a title=\"Docencia\" href=\"http:\/\/lorenagarcia.umh.es\/academia\/docencia\/\">Docencia<\/a><\/strong><\/span><\/li>\r\n<\/ul>","_et_gb_content_width":"","_links_to":"","_links_to_target":""},"_links":{"self":[{"href":"https:\/\/angelperezsempere.umh.es\/en\/wp-json\/wp\/v2\/pages\/86"}],"collection":[{"href":"https:\/\/angelperezsempere.umh.es\/en\/wp-json\/wp\/v2\/pages"}],"about":[{"href":"https:\/\/angelperezsempere.umh.es\/en\/wp-json\/wp\/v2\/types\/page"}],"author":[{"embeddable":true,"href":"https:\/\/angelperezsempere.umh.es\/en\/wp-json\/wp\/v2\/users\/3782"}],"replies":[{"embeddable":true,"href":"https:\/\/angelperezsempere.umh.es\/en\/wp-json\/wp\/v2\/comments?post=86"}],"version-history":[{"count":0,"href":"https:\/\/angelperezsempere.umh.es\/en\/wp-json\/wp\/v2\/pages\/86\/revisions"}],"wp:attachment":[{"href":"https:\/\/angelperezsempere.umh.es\/en\/wp-json\/wp\/v2\/media?parent=86"}],"curies":[{"name":"wp","href":"https:\/\/api.w.org\/{rel}","templated":true}]}}