{"id":670,"date":"2024-04-16T12:12:11","date_gmt":"2024-04-16T10:12:11","guid":{"rendered":"https:\/\/angelperezsempere.umh.es\/?page_id=670"},"modified":"2024-04-22T11:38:32","modified_gmt":"2024-04-22T09:38:32","slug":"neuroexplora","status":"publish","type":"page","link":"https:\/\/angelperezsempere.umh.es\/en\/academia\/neuroexplora\/","title":{"rendered":"<span lang=\"es\">(Espa\u00f1ol) Neuroexplora<\/span>"},"content":{"rendered":"<p>[et_pb_section fb_built=&#8221;1&#8243; _builder_version=&#8221;4.17.4&#8243; background_color=&#8221;rgba(239,239,184,0.43)&#8221; global_colors_info=&#8221;{}&#8221;][et_pb_row _builder_version=&#8221;4.16&#8243; background_size=&#8221;initial&#8221; background_position=&#8221;top_left&#8221; background_repeat=&#8221;repeat&#8221; global_colors_info=&#8221;{}&#8221;][et_pb_column type=&#8221;4_4&#8243; _builder_version=&#8221;4.16&#8243; custom_padding=&#8221;|||&#8221; global_colors_info=&#8221;{}&#8221; custom_padding__hover=&#8221;|||&#8221;][et_pb_text _builder_version=&#8221;4.17.4&#8243; text_text_color=&#8221;#000000&#8243; text_font_size=&#8221;18px&#8221; background_size=&#8221;initial&#8221; background_position=&#8221;top_left&#8221; background_repeat=&#8221;repeat&#8221; global_colors_info=&#8221;{}&#8221;]<\/p>\n<h1><strong>NEUROEXPLORA-UMH<\/strong><\/h1>\n<p><strong><\/strong><\/p>\n<p style=\"font-weight: 400\"><strong><\/strong><\/p>\n<p style=\"font-weight: 400\"><strong>Pol\u00edtica de Privacidad<\/strong><\/p>\n<ol>\n<li><strong> <\/strong><strong>OBJETIVO Y DESTINATARIOS <\/strong><\/li>\n<\/ol>\n<p style=\"font-weight: 400\">Esta \u201capp\u201d tiene una funci\u00f3n educativa y est\u00e1 destinada \u00fanicamente a estudiantes y profesionales de Ciencias de la Salud.<\/p>\n<ol start=\"2\">\n<li style=\"font-weight: 400\"><strong> <span><\/span>POL\u00cdTICA DE ENLACES <\/strong><\/li>\n<\/ol>\n<p style=\"font-weight: 400\">El responsable de esta \u201capp\u201d no se hace responsable del contenido de las p\u00e1ginas web a las que pueda acceder el usuario a trav\u00e9s de los enlaces que puedan constar. Asimismo, tampoco garantiza la disponibilidad t\u00e9cnica, exactitud, veracidad, validez o legalidad de p\u00e1ginas ajenas a su propiedad a las que se pueda acceder a trav\u00e9s de los enlaces, ni se responsabiliza de la presencia de virus o cualquier otro elemento inform\u00e1tico da\u00f1ino que pueda estar presente en la App Store<\/p>\n<ol start=\"3\">\n<li style=\"font-weight: 400\"><strong> PROPIEDAD INTELECTUAL<\/strong><\/li>\n<\/ol>\n<p style=\"font-weight: 400\">Los derechos de propiedad intelectual derivados de todos los textos, im\u00e1genes, as\u00ed como de los medios y formas de presentaci\u00f3n y montaje de sus p\u00e1ginas pertenecen al responsable de esta \u201capp\u201d. Ser\u00e1n, por tanto, obras protegidas con propiedad intelectual por el ordenamiento jur\u00eddico espa\u00f1ol y se les podr\u00e1 aplicar tanto la normativa espa\u00f1ola y comunitaria en este campo, como los tratados internacionales relativos a la materia y suscritos por Espa\u00f1a. En cumplimiento de la Ley de la Propiedad Intelectual se proh\u00edbe expresamente la reproducci\u00f3n, distribuci\u00f3n, comunicaci\u00f3n p\u00fablica y utilizaci\u00f3n de la totalidad o parte de los contenidos sin el consentimiento expl\u00edcito del responsable de la app.<\/p>\n<ol start=\"4\">\n<li style=\"font-weight: 400\"><strong>PROTECCI\u00d3N DE DATOS DE CAR\u00c1CTER PERSONAL<\/strong><\/li>\n<\/ol>\n<p style=\"font-weight: 400\">Esta \u201capp\u201d no realiza ning\u00fan tratamiento de datos de caracter personal. Esta \u201capp\u201d tiene una funci\u00f3n educativa. No solicitamos, almacenamos ni compartimos ning\u00fan tipo de informaci\u00f3n personal de nuestros usuarios ni de terceros. No requiere registro.<\/p>\n<ol start=\"5\">\n<li style=\"font-weight: 400\"><strong> <span><\/span>CONTACTO<\/strong><\/li>\n<\/ol>\n<p style=\"font-weight: 400\">Si tienes preguntas o comentarios sobre esta Pol\u00edtica de Privacidad, no dudes en contactarnos a trav\u00e9s de <a href=\"mailto:telar-09misterio@icloud.com\">telar-09misterio@icloud.com<\/a><\/p>\n<p>&nbsp;<\/p>\n<p>[\/et_pb_text][\/et_pb_column][\/et_pb_row][\/et_pb_section][et_pb_section fb_built=&#8221;1&#8243; disabled_on=&#8221;on|on|on&#8221; _builder_version=&#8221;4.17.4&#8243; _module_preset=&#8221;default&#8221; disabled=&#8221;on&#8221; global_colors_info=&#8221;{}&#8221;][et_pb_row _builder_version=&#8221;4.17.4&#8243; _module_preset=&#8221;default&#8221; global_colors_info=&#8221;{}&#8221;][et_pb_column type=&#8221;4_4&#8243; _builder_version=&#8221;4.17.4&#8243; _module_preset=&#8221;default&#8221; global_colors_info=&#8221;{}&#8221;][:es _i=&#8221;0&#8243; _address=&#8221;1.0.0.0&#8243; theme_builder_area=&#8221;post_content&#8221; \/][:ca _i=&#8221;1&#8243; _address=&#8221;1.0.0.1&#8243; theme_builder_area=&#8221;post_content&#8221; \/][:en _i=&#8221;2&#8243; _address=&#8221;1.0.0.2&#8243; theme_builder_area=&#8221;post_content&#8221; \/][: _i=&#8221;3&#8243; _address=&#8221;1.0.0.3&#8243; theme_builder_area=&#8221;post_content&#8221; \/][\/et_pb_column][\/et_pb_row][\/et_pb_section]<\/p>\n","protected":false},"excerpt":{"rendered":"<p>NEUROEXPLORA-UMH Pol\u00edtica de Privacidad OBJETIVO Y DESTINATARIOS Esta \u201capp\u201d tiene una funci\u00f3n educativa y est\u00e1 destinada \u00fanicamente a estudiantes y profesionales de Ciencias de la Salud. POL\u00cdTICA DE ENLACES El responsable de esta \u201capp\u201d no se hace responsable del contenido de las p\u00e1ginas web a las que pueda acceder el usuario a trav\u00e9s de los [&hellip;]<\/p>\n","protected":false},"author":1159,"featured_media":0,"parent":86,"menu_order":0,"comment_status":"closed","ping_status":"closed","template":"","meta":{"_et_pb_use_builder":"on","_et_pb_old_content":"","_et_gb_content_width":"","_links_to":"","_links_to_target":""},"_links":{"self":[{"href":"https:\/\/angelperezsempere.umh.es\/en\/wp-json\/wp\/v2\/pages\/670"}],"collection":[{"href":"https:\/\/angelperezsempere.umh.es\/en\/wp-json\/wp\/v2\/pages"}],"about":[{"href":"https:\/\/angelperezsempere.umh.es\/en\/wp-json\/wp\/v2\/types\/page"}],"author":[{"embeddable":true,"href":"https:\/\/angelperezsempere.umh.es\/en\/wp-json\/wp\/v2\/users\/1159"}],"replies":[{"embeddable":true,"href":"https:\/\/angelperezsempere.umh.es\/en\/wp-json\/wp\/v2\/comments?post=670"}],"version-history":[{"count":0,"href":"https:\/\/angelperezsempere.umh.es\/en\/wp-json\/wp\/v2\/pages\/670\/revisions"}],"up":[{"embeddable":true,"href":"https:\/\/angelperezsempere.umh.es\/en\/wp-json\/wp\/v2\/pages\/86"}],"wp:attachment":[{"href":"https:\/\/angelperezsempere.umh.es\/en\/wp-json\/wp\/v2\/media?parent=670"}],"curies":[{"name":"wp","href":"https:\/\/api.w.org\/{rel}","templated":true}]}}