{"id":374,"date":"2014-02-21T08:30:27","date_gmt":"2014-02-21T08:30:27","guid":{"rendered":"http:\/\/ubeda.edu.umh.es\/?page_id=374"},"modified":"2024-04-22T12:16:34","modified_gmt":"2024-04-22T10:16:34","slug":"sobremi","status":"publish","type":"page","link":"https:\/\/angelperezsempere.umh.es\/en\/bio\/sobremi\/","title":{"rendered":"Sobre m\u00ed"},"content":{"rendered":"<p>[et_pb_section fb_built=&#8221;1&#8243; admin_label=&#8221;section&#8221; _builder_version=&#8221;4.16&#8243; global_colors_info=&#8221;{}&#8221;][et_pb_row admin_label=&#8221;row&#8221; _builder_version=&#8221;4.16&#8243; background_size=&#8221;initial&#8221; background_position=&#8221;top_left&#8221; background_repeat=&#8221;repeat&#8221; global_colors_info=&#8221;{}&#8221;][et_pb_column type=&#8221;4_4&#8243; _builder_version=&#8221;4.16&#8243; custom_padding=&#8221;|||&#8221; global_colors_info=&#8221;{}&#8221; custom_padding__hover=&#8221;|||&#8221;][et_pb_text admin_label=&#8221;Text&#8221; _builder_version=&#8221;4.17.4&#8243; background_size=&#8221;initial&#8221; background_position=&#8221;top_left&#8221; background_repeat=&#8221;repeat&#8221; hover_enabled=&#8221;0&#8243; global_colors_info=&#8221;{}&#8221; custom_padding=&#8221;2px|||||&#8221; sticky_enabled=&#8221;0&#8243;]<\/p>\n<h1 class=\"entry-title main_title\">Sobre m\u00ed<\/h1>\n<p>El gran escritor Baltasar Graci\u00e1n recomienda que nunca hablemos de nosotros mismos. En este caso haremos una excepci\u00f3n. Soy m\u00e9dico y me dedico al diagn\u00f3stico y tratamiento de las enfermedades del sistema nervioso. Estudi\u00e9 medicina en esta facultad, que entonces depend\u00eda de la Universidad de Alicante y que ahora forma parte de la Universidad Miguel Hern\u00e1ndez. Me especialic\u00e9 en Neurolog\u00eda en el Hospital 12 de Octubre de Madrid, que creo que era y es un buen centro para formarte. Posteriormente, trabaj\u00e9 de especialista de neurolog\u00eda en el Hospital General de Segovia donde tuve la enorme suerte de poder \u00a0aprender del Dr. Erik Claver\u00eda y del Dr. Jacinto Duarte. A los 31 a\u00f1os, consegu\u00ed plaza en la oposici\u00f3n de la Comunidad Valenciana y pude volver a mi querida provincia de Alicante. Trabaj\u00e9 durante 10 a\u00f1os en el Hospital Vega Baja y en el 2005 consegu\u00ed plaza en el Hospital General Universitario de Alicante.\u00a0<\/p>\n<p>Siempre me ha hecho ilusi\u00f3n la docencia pero no pude integrarme en la docencia de la Facultad de Medicina hasta el curso 2012-2013 en que consegu\u00ed plaza de profesor asociado del Departamento de Medicina Cl\u00ednica. En el curso 2022-2023 consegu\u00ed plaza de profesor contratado doctor vinculado al Servicio de Neurolog\u00eda del Hospital General Universitario Dr. Balmis de Alicante, y desde el curso 2023-204 soy profesor titular de Medicina de la UMH vinculado al mismo hospital. Si soy profesor de la UMH es gracias al profesor Vicente Gil, que me anim\u00f3 a seguir este camino y tambi\u00e9n al apoyo del profesor Domingo Orozco y el de todo el Departamento de Medicina Cl\u00ednica.\u00a0<\/p>\n<p>Mi objetivo es ofrecer una docencia cada vez mejor en los grados en los que participa el Departamento de Medicina Cl\u00ednica. Hay un informe de la UNESCO de 1996 titulado \u201cLa educaci\u00f3n encierra un tesoro\u201d, que resume perfectamente en qu\u00e9 consiste ense\u00f1ar y aprender.\u00a0<\/p>\n<p style=\"font-weight: 400\"><strong>Aprender a conocer:<\/strong> combinando una cultura general suficientemente amplia con la posibilidad de profundizar los conocimientos en un pequen\u0303o nu\u0301mero de materias. Adem\u00e1s, es necesario aprender a aprender para poder aprovechar las posibilidades que ofrece la educaci\u00f3n a lo largo de la vida.<\/p>\n<p style=\"font-weight: 400\"><strong>Aprender a hacer:<\/strong> permite la capacitaci\u00f3n del estudiante para adquirir las competencias de la profesi\u00f3n.<\/p>\n<p style=\"font-weight: 400\"><strong>Aprender a vivir juntos:\u00a0 <\/strong>desarrollando la comprensi\u00f3n del otro y la percepci\u00f3n de las formas de interdependencia, tales como realizar proyectos comunes y prepararse para tratar los conflictos, respetando los valores de pluralismo, y la comprensi\u00f3n mutua.<\/p>\n<p style=\"font-weight: 400\"><strong>Aprender a ser:\u00a0 <\/strong>intentando que al alumnado desarrolle su propia personalidad y est\u00e9 en condiciones de obrar con creciente capacidad de autonom\u00eda, de juicio y de responsabilidad personal.<\/p>\n<p>&nbsp;<\/p>\n<p>[\/et_pb_text][\/et_pb_column][\/et_pb_row][\/et_pb_section]<\/p>\n","protected":false},"excerpt":{"rendered":"<p>Sobre m\u00ed El gran escritor Baltasar Graci\u00e1n recomienda que nunca hablemos de nosotros mismos. En este caso haremos una excepci\u00f3n. Soy m\u00e9dico y me dedico al diagn\u00f3stico y tratamiento de las enfermedades del sistema nervioso. Estudi\u00e9 medicina en esta facultad, que entonces depend\u00eda de la Universidad de Alicante y que ahora forma parte de la [&hellip;]<\/p>\n","protected":false},"author":3782,"featured_media":0,"parent":29,"menu_order":0,"comment_status":"closed","ping_status":"closed","template":"","meta":{"_et_pb_use_builder":"on","_et_pb_old_content":"","_et_gb_content_width":"","_links_to":"","_links_to_target":""},"_links":{"self":[{"href":"https:\/\/angelperezsempere.umh.es\/en\/wp-json\/wp\/v2\/pages\/374"}],"collection":[{"href":"https:\/\/angelperezsempere.umh.es\/en\/wp-json\/wp\/v2\/pages"}],"about":[{"href":"https:\/\/angelperezsempere.umh.es\/en\/wp-json\/wp\/v2\/types\/page"}],"author":[{"embeddable":true,"href":"https:\/\/angelperezsempere.umh.es\/en\/wp-json\/wp\/v2\/users\/3782"}],"replies":[{"embeddable":true,"href":"https:\/\/angelperezsempere.umh.es\/en\/wp-json\/wp\/v2\/comments?post=374"}],"version-history":[{"count":0,"href":"https:\/\/angelperezsempere.umh.es\/en\/wp-json\/wp\/v2\/pages\/374\/revisions"}],"up":[{"embeddable":true,"href":"https:\/\/angelperezsempere.umh.es\/en\/wp-json\/wp\/v2\/pages\/29"}],"wp:attachment":[{"href":"https:\/\/angelperezsempere.umh.es\/en\/wp-json\/wp\/v2\/media?parent=374"}],"curies":[{"name":"wp","href":"https:\/\/api.w.org\/{rel}","templated":true}]}}