{"id":88,"date":"2013-11-29T12:07:14","date_gmt":"2013-11-29T12:07:14","guid":{"rendered":"http:\/\/asunmayoral.edu.umh.es\/?page_id=88"},"modified":"2024-04-17T21:07:22","modified_gmt":"2024-04-17T19:07:22","slug":"docencia","status":"publish","type":"page","link":"https:\/\/angelperezsempere.umh.es\/ca\/academia\/docencia\/","title":{"rendered":"Docencia"},"content":{"rendered":"<p>[et_pb_section fb_built=&#8221;1&#8243; _builder_version=&#8221;4.17.4&#8243; background_color=&#8221;rgba(239,239,184,0.43)&#8221; global_colors_info=&#8221;{}&#8221;][et_pb_row _builder_version=&#8221;4.16&#8243; background_size=&#8221;initial&#8221; background_position=&#8221;top_left&#8221; background_repeat=&#8221;repeat&#8221; global_colors_info=&#8221;{}&#8221;][et_pb_column type=&#8221;4_4&#8243; _builder_version=&#8221;4.16&#8243; custom_padding=&#8221;|||&#8221; global_colors_info=&#8221;{}&#8221; custom_padding__hover=&#8221;|||&#8221;][et_pb_text _builder_version=&#8221;4.17.4&#8243; text_text_color=&#8221;#000000&#8243; text_font_size=&#8221;18px&#8221; background_size=&#8221;initial&#8221; background_position=&#8221;top_left&#8221; background_repeat=&#8221;repeat&#8221; global_colors_info=&#8221;{}&#8221;]<\/p>\n<h1><strong>Docencia de grado<\/strong><\/h1>\n<p><span style=\"text-decoration: underline\">Grado de Farmacia:<\/span><\/p>\n<ul>\n<ul>\n<ul>\n<li><a href=\"https:\/\/www.umh.es\/contenido\/Estudios\/:asi_g_1704_P1\/datos_es.html\">1704. Patolog\u00eda Cl\u00ednica II<\/a>\u00a0<\/li>\n<\/ul>\n<\/ul>\n<\/ul>\n<p><span style=\"text-decoration: underline\">Grado de Medicina:<\/span><\/p>\n<ul>\n<ul>\n<ul>\n<li><a href=\"https:\/\/www.umh.es\/contenido\/Estudios\/:asi_g_1953_M1\/datos_es.html\">1953 Patolog\u00eda M\u00e9dico-Quir\u00fargica del Sistema Nervioso\u00a0<\/a><\/li>\n<li><a href=\"https:\/\/www.umh.es\/contenido\/Estudios\/:asi_g_1987_M1\/datos_es.html\">1987 Rotatorio Cl\u00ednico Medicina I<\/a><\/li>\n<li><a href=\"https:\/\/www.umh.es\/contenido\/PDI\/:asi_g_1982_M1\/datos_es.html\">1982 Rotatorio Cl\u00ednico Medicina II<\/a><\/li>\n<li><a href=\"https:\/\/www.umh.es\/contenido\/Estudios\/:asi_g_1935_M1\/datos_es.html\">1934 Talleres Integrados II<\/a><\/li>\n<\/ul>\n<\/ul>\n<\/ul>\n<p><span style=\"text-decoration: underline\">Grado de Terapia Ocupacional:<\/span><\/p>\n<ul>\n<ul>\n<ul>\n<li><a href=\"https:\/\/www.umh.es\/contenido\/Estudios\/:asi_g_2070_M1\/datos_es.html\">2070 Afecciones M\u00e9dico-Quir\u00fargicas II<\/a><\/li>\n<\/ul>\n<\/ul>\n<\/ul>\n<h1><strong>Docencia de Posgrado<\/strong><\/h1>\n<p><span style=\"text-decoration: underline\">M\u00e1ster Universitario en Investigaci\u00f3n en Medicina Cl\u00ednica:<\/span><\/p>\n<ul>\n<ul>\n<ul>\n<li>630 \u00b7 APLICACI\u00d3N DE LA EVIDENCIA CIENT\u00cdFICA A LA MEDICINA (A Distancia M\u00e1ster Medicina Cl\u00ednica).<\/li>\n<li>637 \u00b7 TRABAJO FIN DE MASTER (A Distancia M\u00e1ster Medicina Cl\u00ednica).<\/li>\n<\/ul>\n<\/ul>\n<\/ul>\n<p><span style=\"text-decoration: underline\">M\u00e1ster Universitario en Medicina de Urgencias-Emergencias:<\/span><\/p>\n<ul>\n<ul>\n<ul>\n<li><a href=\"https:\/\/www.umh.es\/contenido\/Estudios\/:asi_m_3657_CSig\/datos_es.html\">3657 \u00b7 EMERGENCIAS M\u00c9DICAS NEUROL\u00d3GICAS FUERA DEL HOSPITAL (Semi-Presencial).<\/a><\/li>\n<\/ul>\n<\/ul>\n<\/ul>\n<p><span style=\"text-decoration: underline\">M\u00e1ster Universitario en Neuropsicofarmacolog\u00eda Traslacional:<\/span><\/p>\n<ul>\n<ul>\n<ul>\n<li><a href=\"https:\/\/www.umh.es\/contenido\/universidad\/:asi_m_3818\/datos_es.html\">3818 \u00b7 CL\u00cdNICA, DIAGN\u00d3STICO Y RECOMENDACIONES TERAP\u00c9UTICAS EN EL MANEJO PACIENTES ENFER. NEURODEGENERATIVAS (Semi-Presencial).<\/a><\/li>\n<\/ul>\n<\/ul>\n<\/ul>\n<p>&nbsp;<\/p>\n<p>[\/et_pb_text][\/et_pb_column][\/et_pb_row][\/et_pb_section][et_pb_section fb_built=&#8221;1&#8243; disabled_on=&#8221;on|on|on&#8221; _builder_version=&#8221;4.17.4&#8243; _module_preset=&#8221;default&#8221; disabled=&#8221;on&#8221; global_colors_info=&#8221;{}&#8221;][et_pb_row _builder_version=&#8221;4.17.4&#8243; _module_preset=&#8221;default&#8221; global_colors_info=&#8221;{}&#8221;][et_pb_column type=&#8221;4_4&#8243; _builder_version=&#8221;4.17.4&#8243; _module_preset=&#8221;default&#8221; global_colors_info=&#8221;{}&#8221;][:es _i=&#8221;0&#8243; _address=&#8221;1.0.0.0&#8243; theme_builder_area=&#8221;post_content&#8221; \/][:ca _i=&#8221;1&#8243; _address=&#8221;1.0.0.1&#8243; theme_builder_area=&#8221;post_content&#8221; \/][:en _i=&#8221;2&#8243; _address=&#8221;1.0.0.2&#8243; theme_builder_area=&#8221;post_content&#8221; \/][: _i=&#8221;3&#8243; _address=&#8221;1.0.0.3&#8243; theme_builder_area=&#8221;post_content&#8221; \/][\/et_pb_column][\/et_pb_row][\/et_pb_section]<\/p>\n","protected":false},"excerpt":{"rendered":"<p>Docencia de grado Grado de Farmacia: 1704. Patolog\u00eda Cl\u00ednica II\u00a0 Grado de Medicina: 1953 Patolog\u00eda M\u00e9dico-Quir\u00fargica del Sistema Nervioso\u00a0 1987 Rotatorio Cl\u00ednico Medicina I 1982 Rotatorio Cl\u00ednico Medicina II 1934 Talleres Integrados II Grado de Terapia Ocupacional: 2070 Afecciones M\u00e9dico-Quir\u00fargicas II Docencia de Posgrado M\u00e1ster Universitario en Investigaci\u00f3n en Medicina Cl\u00ednica: 630 \u00b7 APLICACI\u00d3N DE [&hellip;]<\/p>\n","protected":false},"author":3782,"featured_media":0,"parent":86,"menu_order":20,"comment_status":"closed","ping_status":"closed","template":"","meta":{"_et_pb_use_builder":"on","_et_pb_old_content":"Profesora asociada de Psiquiatr\u00eda, de la Universidad Miguel Hern\u00e1ndez (UMH), desde el a\u00f1o 2010.\r\n\r\nEn la actualidad, imparto las siguientes asignaturas de grado y licenciatura:\r\n<ul>\r\n\t<li>Psiquiatr\u00eda (<a href=\"http:\/\/www.umh.es\/contenido\/Estudios\/:asi_g_1946_M1\/datos_es.html\" target=\"_blank\" rel=\"noopener\">4\u00ba curso<\/a> del Grado de Medicina y <a href=\"http:\/\/www.umh.es\/contenido\/Estudios\/:asi_c_4262_0745\/datos_es.html\" target=\"_blank\" rel=\"noopener\">5\u00ba curso<\/a> de Licenciatura).<\/li>\r\n\t<li><a href=\"http:\/\/www.umh.es\/contenido\/Estudios\/:asi_g_1937_M1\/datos_es.html\" target=\"_blank\" rel=\"noopener\">Talleres Integrados-IV<\/a> (5\u00ba curso).<\/li>\r\n\t<li><a href=\"http:\/\/www.umh.es\/contenido\/Estudios\/:asi_g_1974_M1\/datos_es.html\" target=\"_blank\" rel=\"noopener\">Patolog\u00eda m\u00e9dica de la drogadicci\u00f3n y otras toxicoman\u00edas<\/a> (asignatura optativa de 5\u00ba curso).<\/li>\r\n\t<li><a href=\"http:\/\/www.umh.es\/contenido\/Universidad\/:asi_g_1983_M1\/datos_es.html?\" target=\"_blank\" rel=\"noopener\">Rotatorio Cl\u00ednico de Psiquiatr\u00eda<\/a> (6\u00ba curso).<\/li>\r\n<\/ul>\r\nIgualmente soy profesora de distintos postgrados de la UMH:\r\n<ul>\r\n\t<li><a href=\"https:\/\/sites.google.com\/a\/goumh.umh.es\/psiquiatria-postgrado\/\" target=\"_blank\" rel=\"noopener\">M\u00e1ster en Salud Mental<\/a> (t\u00edtulo propio).<\/li>\r\n\t<li><a href=\"http:\/\/mastermedurgencias.edu.umh.es\/\" target=\"_blank\" rel=\"noopener\">M\u00e1ster Universitario en Medicina de Urgencias y Emergencias<\/a>.<\/li>\r\n\t<li><a href=\"http:\/\/www.umh.es\/contenido\/Estudiantes\/:tit_m_193\/datos_es.html?\" target=\"_blank\" rel=\"noopener\">M\u00e1ster Universitario en Investigaci\u00f3n en Medicina Cl\u00ednica<\/a>.<\/li>\r\n<\/ul>","_et_gb_content_width":"","_links_to":"","_links_to_target":""},"_links":{"self":[{"href":"https:\/\/angelperezsempere.umh.es\/ca\/wp-json\/wp\/v2\/pages\/88"}],"collection":[{"href":"https:\/\/angelperezsempere.umh.es\/ca\/wp-json\/wp\/v2\/pages"}],"about":[{"href":"https:\/\/angelperezsempere.umh.es\/ca\/wp-json\/wp\/v2\/types\/page"}],"author":[{"embeddable":true,"href":"https:\/\/angelperezsempere.umh.es\/ca\/wp-json\/wp\/v2\/users\/3782"}],"replies":[{"embeddable":true,"href":"https:\/\/angelperezsempere.umh.es\/ca\/wp-json\/wp\/v2\/comments?post=88"}],"version-history":[{"count":0,"href":"https:\/\/angelperezsempere.umh.es\/ca\/wp-json\/wp\/v2\/pages\/88\/revisions"}],"up":[{"embeddable":true,"href":"https:\/\/angelperezsempere.umh.es\/ca\/wp-json\/wp\/v2\/pages\/86"}],"wp:attachment":[{"href":"https:\/\/angelperezsempere.umh.es\/ca\/wp-json\/wp\/v2\/media?parent=88"}],"curies":[{"name":"wp","href":"https:\/\/api.w.org\/{rel}","templated":true}]}}