{"id":34,"date":"2013-11-18T07:54:49","date_gmt":"2013-11-18T07:54:49","guid":{"rendered":"http:\/\/asunmayoral.edu.umh.es\/?page_id=34"},"modified":"2024-04-16T14:06:52","modified_gmt":"2024-04-16T12:06:52","slug":"publicaciones","status":"publish","type":"page","link":"https:\/\/angelperezsempere.umh.es\/ca\/academia\/publicaciones\/","title":{"rendered":"Investigaci\u00f3n"},"content":{"rendered":"<p>[et_pb_section fb_built=&#8221;1&#8243; admin_label=&#8221;section&#8221; _builder_version=&#8221;4.16&#8243; global_colors_info=&#8221;{}&#8221;][et_pb_row admin_label=&#8221;row&#8221; _builder_version=&#8221;4.16&#8243; background_size=&#8221;initial&#8221; background_position=&#8221;top_left&#8221; background_repeat=&#8221;repeat&#8221; global_colors_info=&#8221;{}&#8221; custom_padding=&#8221;||198px|||&#8221;][et_pb_column type=&#8221;4_4&#8243; _builder_version=&#8221;4.16&#8243; custom_padding=&#8221;|||&#8221; global_colors_info=&#8221;{}&#8221; custom_padding__hover=&#8221;|||&#8221;][et_pb_text admin_label=&#8221;Text&#8221; _builder_version=&#8221;4.16&#8243; background_size=&#8221;initial&#8221; background_position=&#8221;top_left&#8221; background_repeat=&#8221;repeat&#8221; global_colors_info=&#8221;{}&#8221;]<\/p>\n<p><strong>L\u00edneas de investigaci\u00f3n<\/strong><\/p>\n<hr \/>\n<p>&nbsp;<\/p>\n<ul>\n<li>Esclerosis m\u00faltiple y otras enfermedades desmielinizantes<\/li>\n<li>Epidemiolog\u00eda de las enfermedades neurol\u00f3gicas<\/li>\n<\/ul>\n<p>&nbsp;<\/p>\n<hr \/>\n<p>&nbsp;<\/p>\n<p>[\/et_pb_text][\/et_pb_column][\/et_pb_row][\/et_pb_section]<\/p>\n","protected":false},"excerpt":{"rendered":"<p>L\u00edneas de investigaci\u00f3n &nbsp; Esclerosis m\u00faltiple y otras enfermedades desmielinizantes Epidemiolog\u00eda de las enfermedades neurol\u00f3gicas &nbsp; &nbsp;<\/p>\n","protected":false},"author":3782,"featured_media":0,"parent":86,"menu_order":10,"comment_status":"closed","ping_status":"closed","template":"","meta":{"_et_pb_use_builder":"on","_et_pb_old_content":"<strong>L\u00edneas de investigaci\u00f3n<\/strong>\n\n<hr \/>\n\n&nbsp;\n<ul>\n\t<li>Primeros episodios psic\u00f3ticos.<\/li>\n\t<li>Cognici\u00f3n social en psicosis.<\/li>\n\t<li>Rehabilitaci\u00f3n cognitiva en trastornos psic\u00f3ticos.<\/li>\n<\/ul>\n&nbsp;\n\n<strong>Curriculum vitae<\/strong>\n\n<hr \/>\n\n&nbsp;\n<ul>\n\t<li>Perfil en <a href=\"https:\/\/scholar.google.es\/citations?hl=es&amp;btnA=1&amp;user=SbE_RLUAAAAJ\" target=\"_blank\" rel=\"noopener\">Google Acad\u00e9mico<\/a>.<span class=\"Apple-converted-space\">\n<\/span><\/li>\n<\/ul>","_et_gb_content_width":"","_links_to":"","_links_to_target":""},"_links":{"self":[{"href":"https:\/\/angelperezsempere.umh.es\/ca\/wp-json\/wp\/v2\/pages\/34"}],"collection":[{"href":"https:\/\/angelperezsempere.umh.es\/ca\/wp-json\/wp\/v2\/pages"}],"about":[{"href":"https:\/\/angelperezsempere.umh.es\/ca\/wp-json\/wp\/v2\/types\/page"}],"author":[{"embeddable":true,"href":"https:\/\/angelperezsempere.umh.es\/ca\/wp-json\/wp\/v2\/users\/3782"}],"replies":[{"embeddable":true,"href":"https:\/\/angelperezsempere.umh.es\/ca\/wp-json\/wp\/v2\/comments?post=34"}],"version-history":[{"count":0,"href":"https:\/\/angelperezsempere.umh.es\/ca\/wp-json\/wp\/v2\/pages\/34\/revisions"}],"up":[{"embeddable":true,"href":"https:\/\/angelperezsempere.umh.es\/ca\/wp-json\/wp\/v2\/pages\/86"}],"wp:attachment":[{"href":"https:\/\/angelperezsempere.umh.es\/ca\/wp-json\/wp\/v2\/media?parent=34"}],"curies":[{"name":"wp","href":"https:\/\/api.w.org\/{rel}","templated":true}]}}